{"id":340,"date":"2019-03-21T13:32:59","date_gmt":"2019-03-21T13:32:59","guid":{"rendered":"https:\/\/lukwood.lt\/home\/"},"modified":"2022-03-29T14:32:55","modified_gmt":"2022-03-29T11:32:55","slug":"home","status":"publish","type":"page","link":"https:\/\/lukwood.lt\/de\/","title":{"rendered":"Zuhause"},"content":{"rendered":"<div data-elementor-type=\"wp-post\" data-elementor-id=\"340\" class=\"elementor elementor-340\" data-elementor-settings=\"{&quot;ha_cmc_init_switcher&quot;:&quot;no&quot;}\">\n\t\t\t\t\t\t<section class=\"elementor-section elementor-top-section elementor-element elementor-element-77ccb31 elementor-section-height-min-height elementor-section-boxed elementor-section-height-default elementor-section-items-middle\" data-id=\"77ccb31\" data-element_type=\"section\" data-settings=\"{&quot;background_background&quot;:&quot;classic&quot;,&quot;_ha_eqh_enable&quot;:false}\">\n\t\t\t\t\t\t\t<div class=\"elementor-background-overlay\"><\/div>\n\t\t\t\t\t\t\t<div class=\"elementor-container elementor-column-gap-default\">\n\t\t\t\t\t<div class=\"elementor-column elementor-col-100 elementor-top-column elementor-element elementor-element-c6408c8 envato-kit-62-home\" data-id=\"c6408c8\" data-element_type=\"column\" data-settings=\"{&quot;background_background&quot;:&quot;classic&quot;}\">\n\t\t\t<div class=\"elementor-widget-wrap elementor-element-populated\">\n\t\t\t\t\t\t<div class=\"elementor-element elementor-element-de72c4a elementor-widget elementor-widget-heading\" data-id=\"de72c4a\" data-element_type=\"widget\" data-widget_type=\"heading.default\">\n\t\t\t\t<div class=\"elementor-widget-container\">\n\t\t\t\t\t<h1 class=\"elementor-heading-title elementor-size-default\">Gro\u00dfhandel mit Holzprodukten.<\/h1>\t\t\t\t<\/div>\n\t\t\t\t<\/div>\n\t\t\t\t<div class=\"elementor-element elementor-element-2998287 elementor-widget elementor-widget-text-editor\" data-id=\"2998287\" data-element_type=\"widget\" data-widget_type=\"text-editor.default\">\n\t\t\t\t<div class=\"elementor-widget-container\">\n\t\t\t\t\t\t\t\t\t<p>Wir wollen die Verwendung von Holzprodukten in der Landschaft f\u00f6rdern<\/p>\t\t\t\t\t\t\t\t<\/div>\n\t\t\t\t<\/div>\n\t\t\t\t<div class=\"elementor-element elementor-element-1ff9680 elementor-align-center elementor-widget elementor-widget-button\" data-id=\"1ff9680\" data-element_type=\"widget\" data-widget_type=\"button.default\">\n\t\t\t\t<div class=\"elementor-widget-container\">\n\t\t\t\t\t\t\t\t\t<div class=\"elementor-button-wrapper\">\n\t\t\t\t\t<a class=\"elementor-button elementor-button-link elementor-size-md\" href=\"https:\/\/lukwood.lt\/de\/contacts\/\">\n\t\t\t\t\t\t<span class=\"elementor-button-content-wrapper\">\n\t\t\t\t\t\t\t\t\t<span class=\"elementor-button-text\">Kontaktiere uns<\/span>\n\t\t\t\t\t<\/span>\n\t\t\t\t\t<\/a>\n\t\t\t\t<\/div>\n\t\t\t\t\t\t\t\t<\/div>\n\t\t\t\t<\/div>\n\t\t\t\t\t<\/div>\n\t\t<\/div>\n\t\t\t\t\t<\/div>\n\t\t<\/section>\n\t\t\t\t<section class=\"elementor-section elementor-top-section elementor-element elementor-element-15c70903 elementor-section-content-middle elementor-reverse-tablet elementor-reverse-mobile elementor-section-boxed elementor-section-height-default elementor-section-height-default\" data-id=\"15c70903\" data-element_type=\"section\" data-settings=\"{&quot;_ha_eqh_enable&quot;:false}\">\n\t\t\t\t\t\t<div class=\"elementor-container elementor-column-gap-wide\">\n\t\t\t\t\t<div class=\"elementor-column elementor-col-100 elementor-top-column elementor-element elementor-element-3f02fa83\" data-id=\"3f02fa83\" data-element_type=\"column\">\n\t\t\t<div class=\"elementor-widget-wrap elementor-element-populated\">\n\t\t\t\t\t\t<div class=\"elementor-element elementor-element-56e75335 elementor-widget elementor-widget-heading\" data-id=\"56e75335\" data-element_type=\"widget\" data-widget_type=\"heading.default\">\n\t\t\t\t<div class=\"elementor-widget-container\">\n\t\t\t\t\t<h2 class=\"elementor-heading-title elementor-size-default\">\u00dcber uns<\/h2>\t\t\t\t<\/div>\n\t\t\t\t<\/div>\n\t\t\t\t<div class=\"elementor-element elementor-element-341b962 elementor-widget elementor-widget-image\" data-id=\"341b962\" data-element_type=\"widget\" data-widget_type=\"image.default\">\n\t\t\t\t<div class=\"elementor-widget-container\">\n\t\t\t\t\t\t\t\t\t\t\t\t\t\t\t<img decoding=\"async\" src=\"https:\/\/lukwood.lt\/wp-content\/uploads\/2021\/05\/lukwood-tree-wood-beads.png\" title=\"lukwood-tree-wood-beads\" alt=\"Woodpole production from spruce tree\" loading=\"lazy\" \/>\t\t\t\t\t\t\t\t\t\t\t\t\t\t\t<\/div>\n\t\t\t\t<\/div>\n\t\t\t\t<div class=\"elementor-element elementor-element-6d4685e elementor-widget elementor-widget-text-editor\" data-id=\"6d4685e\" data-element_type=\"widget\" data-widget_type=\"text-editor.default\">\n\t\t\t\t<div class=\"elementor-widget-container\">\n\t\t\t\t\t\t\t\t\t<p>Lukwood liegt im S\u00fcdosten Litauens im Stadtteil \u0160al\u010dininkai, umgeben von W\u00e4ldern. Hier wachsen Kiefern und Fichten, weshalb die Produktion des Unternehmens aus lokalen Kiefern- und Fichtenrohstoffen erfolgt. Das Unternehmen m\u00f6chte die Verwendung von Holzprodukten in der Landschaft f\u00f6rdern.<\/p>\t\t\t\t\t\t\t\t<\/div>\n\t\t\t\t<\/div>\n\t\t\t\t<div class=\"elementor-element elementor-element-5f60d5a6 elementor-align-center elementor-mobile-align-center elementor-widget elementor-widget-button\" data-id=\"5f60d5a6\" data-element_type=\"widget\" data-widget_type=\"button.default\">\n\t\t\t\t<div class=\"elementor-widget-container\">\n\t\t\t\t\t\t\t\t\t<div class=\"elementor-button-wrapper\">\n\t\t\t\t\t<a class=\"elementor-button elementor-button-link elementor-size-md\" href=\"https:\/\/lukwood.lt\/de\/about-us\/\">\n\t\t\t\t\t\t<span class=\"elementor-button-content-wrapper\">\n\t\t\t\t\t\t\t\t\t<span class=\"elementor-button-text\">Weiterlesen<\/span>\n\t\t\t\t\t<\/span>\n\t\t\t\t\t<\/a>\n\t\t\t\t<\/div>\n\t\t\t\t\t\t\t\t<\/div>\n\t\t\t\t<\/div>\n\t\t\t\t\t<\/div>\n\t\t<\/div>\n\t\t\t\t\t<\/div>\n\t\t<\/section>\n\t\t\t\t<section class=\"elementor-section elementor-top-section elementor-element elementor-element-15a62e26 elementor-section-height-min-height elementor-section-items-stretch elementor-section-content-middle elementor-section-boxed elementor-section-height-default\" data-id=\"15a62e26\" data-element_type=\"section\" data-settings=\"{&quot;background_background&quot;:&quot;gradient&quot;,&quot;shape_divider_bottom&quot;:&quot;curve&quot;,&quot;shape_divider_top&quot;:&quot;tilt&quot;,&quot;_ha_eqh_enable&quot;:false}\">\n\t\t\t\t\t\t\t<div class=\"elementor-background-overlay\"><\/div>\n\t\t\t\t\t\t<div class=\"elementor-shape elementor-shape-top\" aria-hidden=\"true\" data-negative=\"false\">\n\t\t\t<svg xmlns=\"http:\/\/www.w3.org\/2000\/svg\" viewbox=\"0 0 1000 100\" preserveaspectratio=\"none\">\n\t<path class=\"elementor-shape-fill\" d=\"M0,6V0h1000v100L0,6z\"\/>\n<\/svg>\t\t<\/div>\n\t\t\t\t<div class=\"elementor-shape elementor-shape-bottom\" aria-hidden=\"true\" data-negative=\"false\">\n\t\t\t<svg xmlns=\"http:\/\/www.w3.org\/2000\/svg\" viewbox=\"0 0 1000 100\" preserveaspectratio=\"none\">\n    <path class=\"elementor-shape-fill\" d=\"M1000,4.3V0H0v4.3C0.9,23.1,126.7,99.2,500,100S1000,22.7,1000,4.3z\"\/>\n<\/svg>\t\t<\/div>\n\t\t\t\t\t<div class=\"elementor-container elementor-column-gap-default\">\n\t\t\t\t\t<div class=\"elementor-column elementor-col-100 elementor-top-column elementor-element elementor-element-7a6f21b2\" data-id=\"7a6f21b2\" data-element_type=\"column\">\n\t\t\t<div class=\"elementor-widget-wrap elementor-element-populated\">\n\t\t\t\t\t\t<section class=\"elementor-section elementor-inner-section elementor-element elementor-element-64ba718 elementor-section-boxed elementor-section-height-default elementor-section-height-default\" data-id=\"64ba718\" data-element_type=\"section\" data-settings=\"{&quot;_ha_eqh_enable&quot;:false}\">\n\t\t\t\t\t\t<div class=\"elementor-container elementor-column-gap-default\">\n\t\t\t\t\t<div class=\"elementor-column elementor-col-100 elementor-inner-column elementor-element elementor-element-84825a9\" data-id=\"84825a9\" data-element_type=\"column\">\n\t\t\t<div class=\"elementor-widget-wrap elementor-element-populated\">\n\t\t\t\t\t\t<div class=\"elementor-element elementor-element-e3519e2 elementor-widget elementor-widget-heading\" data-id=\"e3519e2\" data-element_type=\"widget\" data-widget_type=\"heading.default\">\n\t\t\t\t<div class=\"elementor-widget-container\">\n\t\t\t\t\t<h2 class=\"elementor-heading-title elementor-size-default\">Unsere Produktion<\/h2>\t\t\t\t<\/div>\n\t\t\t\t<\/div>\n\t\t\t\t<div class=\"elementor-element elementor-element-5ad0f4b elementor-widget elementor-widget-image\" data-id=\"5ad0f4b\" data-element_type=\"widget\" data-widget_type=\"image.default\">\n\t\t\t\t<div class=\"elementor-widget-container\">\n\t\t\t\t\t\t\t\t\t\t\t\t\t\t\t<img decoding=\"async\" src=\"https:\/\/lukwood.lt\/wp-content\/uploads\/2021\/05\/lukwood-tree-wood-beads.png\" title=\"lukwood-tree-wood-beads\" alt=\"Woodpole production from spruce tree\" loading=\"lazy\" \/>\t\t\t\t\t\t\t\t\t\t\t\t\t\t\t<\/div>\n\t\t\t\t<\/div>\n\t\t\t\t<div class=\"elementor-element elementor-element-af12e63 elementor-widget elementor-widget-text-editor\" data-id=\"af12e63\" data-element_type=\"widget\" data-widget_type=\"text-editor.default\">\n\t\t\t\t<div class=\"elementor-widget-container\">\n\t\t\t\t\t\t\t\t\t<p>Alle Pole k\u00f6nnen in der Kategorie UC3 oder UC4 impr\u00e4gniert werden.<\/p>\t\t\t\t\t\t\t\t<\/div>\n\t\t\t\t<\/div>\n\t\t\t\t\t<\/div>\n\t\t<\/div>\n\t\t\t\t\t<\/div>\n\t\t<\/section>\n\t\t\t\t<section class=\"elementor-section elementor-inner-section elementor-element elementor-element-64995c6 elementor-section-boxed elementor-section-height-default elementor-section-height-default\" data-id=\"64995c6\" data-element_type=\"section\" data-settings=\"{&quot;_ha_eqh_enable&quot;:false}\">\n\t\t\t\t\t\t<div class=\"elementor-container elementor-column-gap-default\">\n\t\t\t\t\t<div class=\"elementor-column elementor-col-33 elementor-inner-column elementor-element elementor-element-0fc7c61\" data-id=\"0fc7c61\" data-element_type=\"column\">\n\t\t\t<div class=\"elementor-widget-wrap elementor-element-populated\">\n\t\t\t\t\t\t<div class=\"elementor-element elementor-element-c346ba4 elementor-position-top elementor-widget elementor-widget-image-box\" data-id=\"c346ba4\" data-element_type=\"widget\" data-widget_type=\"image-box.default\">\n\t\t\t\t<div class=\"elementor-widget-container\">\n\t\t\t\t\t<div class=\"elementor-image-box-wrapper\"><figure class=\"elementor-image-box-img\"><img decoding=\"async\" src=\"https:\/\/lukwood.lt\/wp-content\/uploads\/2021\/05\/Cut-wood-beads.png\" title=\"Cut-wood-beads\" alt=\"Machine rounded poles and Cundy peeled poles\" loading=\"lazy\" \/><\/figure><div class=\"elementor-image-box-content\"><h3 class=\"elementor-image-box-title\">Holzstangen<\/h3><p class=\"elementor-image-box-description\">Wir produzieren und verkaufen:<br>\n1. Maschinen abgerundete Stangen <br>(ab 50 mm Durchmesser);<br>\n2. Cundy gesch\u00e4lte Stangen <br>(ab 40 mm Durchmesser).<br>\n\n<\/p><\/div><\/div>\t\t\t\t<\/div>\n\t\t\t\t<\/div>\n\t\t\t\t\t<\/div>\n\t\t<\/div>\n\t\t\t\t<div class=\"elementor-column elementor-col-33 elementor-inner-column elementor-element elementor-element-4209418\" data-id=\"4209418\" data-element_type=\"column\">\n\t\t\t<div class=\"elementor-widget-wrap elementor-element-populated\">\n\t\t\t\t\t\t<div class=\"elementor-element elementor-element-84a27b1 elementor-position-top elementor-widget elementor-widget-image-box\" data-id=\"84a27b1\" data-element_type=\"widget\" data-widget_type=\"image-box.default\">\n\t\t\t\t<div class=\"elementor-widget-container\">\n\t\t\t\t\t<div class=\"elementor-image-box-wrapper\"><figure class=\"elementor-image-box-img\"><img decoding=\"async\" src=\"https:\/\/lukwood.lt\/wp-content\/uploads\/2021\/05\/wood-cut-beads.png\" title=\"wood-cut-beads\" alt=\"Sawn timber with UC3 and UC4\" loading=\"lazy\" \/><\/figure><div class=\"elementor-image-box-content\"><h3 class=\"elementor-image-box-title\">Schnittholz<\/h3><p class=\"elementor-image-box-description\">Wir produzieren nach Kundenwunsch.<br>\nS\u00e4mtliches Schnittholz kann impr\u00e4gniert werden <br>UC3- oder UC4-Kategorie.<\/p><\/div><\/div>\t\t\t\t<\/div>\n\t\t\t\t<\/div>\n\t\t\t\t\t<\/div>\n\t\t<\/div>\n\t\t\t\t<div class=\"elementor-column elementor-col-33 elementor-inner-column elementor-element elementor-element-24c1309\" data-id=\"24c1309\" data-element_type=\"column\">\n\t\t\t<div class=\"elementor-widget-wrap elementor-element-populated\">\n\t\t\t\t\t\t<div class=\"elementor-element elementor-element-5911250 elementor-position-top elementor-widget elementor-widget-image-box\" data-id=\"5911250\" data-element_type=\"widget\" data-widget_type=\"image-box.default\">\n\t\t\t\t<div class=\"elementor-widget-container\">\n\t\t\t\t\t<div class=\"elementor-image-box-wrapper\"><figure class=\"elementor-image-box-img\"><img decoding=\"async\" src=\"https:\/\/lukwood.lt\/wp-content\/uploads\/2021\/05\/varnish-wood-beads.png\" title=\"varnish-wood-beads\" alt=\"Woodpole impregnation services\" loading=\"lazy\" \/><\/figure><div class=\"elementor-image-box-content\"><h3 class=\"elementor-image-box-title\">Impr\u00e4gnierungsservice<\/h3><p class=\"elementor-image-box-description\">Mit einer Hochdruckimpr\u00e4gnierung <br>autoklav f\u00fchren wir Impr\u00e4gnierungsservice in Druck-Vakuum-Weise UC-3 und UC-4 Kategorie. Wir verwenden Tanahlit-E-Impr\u00e4gniermittel.<\/p><\/div><\/div>\t\t\t\t<\/div>\n\t\t\t\t<\/div>\n\t\t\t\t\t<\/div>\n\t\t<\/div>\n\t\t\t\t\t<\/div>\n\t\t<\/section>\n\t\t\t\t<div class=\"elementor-element elementor-element-57a78d2 elementor-align-center elementor-widget elementor-widget-button\" data-id=\"57a78d2\" data-element_type=\"widget\" data-widget_type=\"button.default\">\n\t\t\t\t<div class=\"elementor-widget-container\">\n\t\t\t\t\t\t\t\t\t<div class=\"elementor-button-wrapper\">\n\t\t\t\t\t<a class=\"elementor-button elementor-button-link elementor-size-md\" href=\"https:\/\/lukwood.lt\/de\/about-us\/\">\n\t\t\t\t\t\t<span class=\"elementor-button-content-wrapper\">\n\t\t\t\t\t\t<span class=\"elementor-button-icon\">\n\t\t\t\t<i aria-hidden=\"true\" class=\"fas fa-chevron-circle-right\"><\/i>\t\t\t<\/span>\n\t\t\t\t\t\t\t\t\t<span class=\"elementor-button-text\">Weiterlesen<\/span>\n\t\t\t\t\t<\/span>\n\t\t\t\t\t<\/a>\n\t\t\t\t<\/div>\n\t\t\t\t\t\t\t\t<\/div>\n\t\t\t\t<\/div>\n\t\t\t\t\t<\/div>\n\t\t<\/div>\n\t\t\t\t\t<\/div>\n\t\t<\/section>\n\t\t\t\t<section class=\"elementor-section elementor-top-section elementor-element elementor-element-5100132 elementor-section-content-middle elementor-section-boxed elementor-section-height-default elementor-section-height-default\" data-id=\"5100132\" data-element_type=\"section\" data-settings=\"{&quot;_ha_eqh_enable&quot;:false}\">\n\t\t\t\t\t\t<div class=\"elementor-container elementor-column-gap-wide\">\n\t\t\t\t\t<div class=\"elementor-column elementor-col-50 elementor-top-column elementor-element elementor-element-4034fac\" data-id=\"4034fac\" data-element_type=\"column\">\n\t\t\t<div class=\"elementor-widget-wrap elementor-element-populated\">\n\t\t\t\t\t\t<div class=\"elementor-element elementor-element-d685abf elementor-widget elementor-widget-heading\" data-id=\"d685abf\" data-element_type=\"widget\" data-widget_type=\"heading.default\">\n\t\t\t\t<div class=\"elementor-widget-container\">\n\t\t\t\t\t<h2 class=\"elementor-heading-title elementor-size-default\">Unsere Produktion <br>galerie<\/h2>\t\t\t\t<\/div>\n\t\t\t\t<\/div>\n\t\t\t\t<div class=\"elementor-element elementor-element-f2d5229 elementor-widget elementor-widget-image\" data-id=\"f2d5229\" data-element_type=\"widget\" data-widget_type=\"image.default\">\n\t\t\t\t<div class=\"elementor-widget-container\">\n\t\t\t\t\t\t\t\t\t\t\t\t\t\t\t<img decoding=\"async\" src=\"https:\/\/lukwood.lt\/wp-content\/uploads\/2021\/05\/lukwood-tree-wood-beads.png\" title=\"lukwood-tree-wood-beads\" alt=\"Woodpole production from spruce tree\" loading=\"lazy\" \/>\t\t\t\t\t\t\t\t\t\t\t\t\t\t\t<\/div>\n\t\t\t\t<\/div>\n\t\t\t\t<div class=\"elementor-element elementor-element-3ecf64d elementor-hidden-desktop elementor-hidden-tablet elementor-hidden-phone elementor-widget elementor-widget-text-editor\" data-id=\"3ecf64d\" data-element_type=\"widget\" data-widget_type=\"text-editor.default\">\n\t\t\t\t<div class=\"elementor-widget-container\">\n\t\t\t\t\t\t\t\t\tLorem ipsum dolor sit amet, consectetur adipiscing elit, sed do eiusmod tempor incididunt ut labore et dolore magna aliqua. Unim ad minim veniam, quepteur sint occaecat cupidatat non proident, sunt in culpa qui officia deserunt mollit anim.\t\t\t\t\t\t\t\t<\/div>\n\t\t\t\t<\/div>\n\t\t\t\t<div class=\"elementor-element elementor-element-89cdd2f elementor-align-center elementor-mobile-align-left elementor-hidden-phone elementor-hidden-tablet elementor-widget elementor-widget-button\" data-id=\"89cdd2f\" data-element_type=\"widget\" data-widget_type=\"button.default\">\n\t\t\t\t<div class=\"elementor-widget-container\">\n\t\t\t\t\t\t\t\t\t<div class=\"elementor-button-wrapper\">\n\t\t\t\t\t<a class=\"elementor-button elementor-button-link elementor-size-md\" href=\"https:\/\/lukwood.lt\/de\/our-production\/\">\n\t\t\t\t\t\t<span class=\"elementor-button-content-wrapper\">\n\t\t\t\t\t\t\t\t\t<span class=\"elementor-button-text\">Mehr sehen<\/span>\n\t\t\t\t\t<\/span>\n\t\t\t\t\t<\/a>\n\t\t\t\t<\/div>\n\t\t\t\t\t\t\t\t<\/div>\n\t\t\t\t<\/div>\n\t\t\t\t\t<\/div>\n\t\t<\/div>\n\t\t\t\t<div class=\"elementor-column elementor-col-50 elementor-top-column elementor-element elementor-element-d5582f2\" data-id=\"d5582f2\" data-element_type=\"column\">\n\t\t\t<div class=\"elementor-widget-wrap elementor-element-populated\">\n\t\t\t\t\t\t<div class=\"elementor-element elementor-element-cd9a730 ha-image-grid--even elementor-widget elementor-widget-ha-image-grid happy-addon ha-image-grid\" data-id=\"cd9a730\" data-element_type=\"widget\" data-settings=\"{&quot;layout&quot;:&quot;even&quot;,&quot;enable_popup&quot;:&quot;yes&quot;}\" data-widget_type=\"ha-image-grid.default\">\n\t\t\t\t<div class=\"elementor-widget-container\">\n\t\t\t\t\t\n\t\t<div class=\"ha-image-grid__wrap hajs-isotope ha-lightbox--has\">\n\t\t\t\t\t\t\t\n\t\t\t\t<a href=\"#\" data-mfp-src=\"https:\/\/lukwood.lt\/wp-content\/uploads\/2021\/05\/wooden-stakes-14.jpg\" class=\"ha-image-grid__item ha-js-lightbox __fltr-1\">\n\t\t\t\t\t<img decoding=\"async\" width=\"300\" height=\"138\" src=\"https:\/\/lukwood.lt\/wp-content\/uploads\/2021\/05\/wooden-stakes-14-300x138.jpg\" class=\"elementor-animation-grow\" alt=\"A stack of woodpoles production\" srcset=\"https:\/\/lukwood.lt\/wp-content\/uploads\/2021\/05\/wooden-stakes-14-300x138.jpg.webp 300w, https:\/\/lukwood.lt\/wp-content\/uploads\/2021\/05\/wooden-stakes-14-1024x473.jpg.webp 1024w, https:\/\/lukwood.lt\/wp-content\/uploads\/2021\/05\/wooden-stakes-14-768x354.jpg.webp 768w, https:\/\/lukwood.lt\/wp-content\/uploads\/2021\/05\/wooden-stakes-14-1536x709.jpg.webp 1536w, https:\/\/lukwood.lt\/wp-content\/uploads\/2021\/05\/wooden-stakes-14-16x7.jpg.webp 16w, https:\/\/lukwood.lt\/wp-content\/uploads\/2021\/05\/wooden-stakes-14-600x277.jpg.webp 600w, https:\/\/lukwood.lt\/wp-content\/uploads\/2021\/05\/wooden-stakes-14.jpg 1612w\" sizes=\"(max-width: 300px) 100vw, 300px\" \/>\t\t\t\t<\/a>\n\t\t\t\t\t\t\t\n\t\t\t\t<a href=\"#\" data-mfp-src=\"https:\/\/lukwood.lt\/wp-content\/uploads\/2021\/05\/wooden-stakes-8.jpg\" class=\"ha-image-grid__item ha-js-lightbox __fltr-1\">\n\t\t\t\t\t<img fetchpriority=\"high\" decoding=\"async\" width=\"300\" height=\"170\" src=\"https:\/\/lukwood.lt\/wp-content\/uploads\/2021\/05\/wooden-stakes-8-300x170.jpg\" class=\"elementor-animation-grow\" alt=\"Stack of woodpoles\" srcset=\"https:\/\/lukwood.lt\/wp-content\/uploads\/2021\/05\/wooden-stakes-8-300x170.jpg 300w, https:\/\/lukwood.lt\/wp-content\/uploads\/2021\/05\/wooden-stakes-8-1024x580.jpg.webp 1024w, https:\/\/lukwood.lt\/wp-content\/uploads\/2021\/05\/wooden-stakes-8-768x435.jpg.webp 768w, https:\/\/lukwood.lt\/wp-content\/uploads\/2021\/05\/wooden-stakes-8-16x9.jpg.webp 16w, https:\/\/lukwood.lt\/wp-content\/uploads\/2021\/05\/wooden-stakes-8-600x340.jpg.webp 600w, https:\/\/lukwood.lt\/wp-content\/uploads\/2021\/05\/wooden-stakes-8.jpg 1314w\" sizes=\"(max-width: 300px) 100vw, 300px\" \/>\t\t\t\t<\/a>\n\t\t\t\t\t\t\t\n\t\t\t\t<a href=\"#\" data-mfp-src=\"https:\/\/lukwood.lt\/wp-content\/uploads\/2021\/05\/wooden-stakes-1.jpg\" class=\"ha-image-grid__item ha-js-lightbox __fltr-1\">\n\t\t\t\t\t<img decoding=\"async\" width=\"138\" height=\"300\" src=\"https:\/\/lukwood.lt\/wp-content\/uploads\/2021\/05\/wooden-stakes-1-138x300.jpg\" class=\"elementor-animation-grow\" alt=\"Stack of woodpoles\" srcset=\"https:\/\/lukwood.lt\/wp-content\/uploads\/2021\/05\/wooden-stakes-1-138x300.jpg.webp 138w, https:\/\/lukwood.lt\/wp-content\/uploads\/2021\/05\/wooden-stakes-1-473x1024.jpg.webp 473w, https:\/\/lukwood.lt\/wp-content\/uploads\/2021\/05\/wooden-stakes-1-709x1536.jpg.webp 709w, https:\/\/lukwood.lt\/wp-content\/uploads\/2021\/05\/wooden-stakes-1-6x12.jpg.webp 6w, https:\/\/lukwood.lt\/wp-content\/uploads\/2021\/05\/wooden-stakes-1-600x1300.jpg.webp 600w, https:\/\/lukwood.lt\/wp-content\/uploads\/2021\/05\/wooden-stakes-1.jpg 744w\" sizes=\"(max-width: 138px) 100vw, 138px\" \/>\t\t\t\t<\/a>\n\t\t\t\t\t\t\t\n\t\t\t\t<a href=\"#\" data-mfp-src=\"https:\/\/lukwood.lt\/wp-content\/uploads\/2021\/05\/21.jpg\" class=\"ha-image-grid__item ha-js-lightbox __fltr-1\">\n\t\t\t\t\t<img loading=\"lazy\" decoding=\"async\" width=\"300\" height=\"225\" src=\"https:\/\/lukwood.lt\/wp-content\/uploads\/2021\/05\/21-300x225.jpg\" class=\"elementor-animation-grow\" alt=\"Stacks of woodpoles\" srcset=\"https:\/\/lukwood.lt\/wp-content\/uploads\/2021\/05\/21-300x225.jpg 300w, https:\/\/lukwood.lt\/wp-content\/uploads\/2021\/05\/21-1024x768.jpg.webp 1024w, https:\/\/lukwood.lt\/wp-content\/uploads\/2021\/05\/21-768x576.jpg.webp 768w, https:\/\/lukwood.lt\/wp-content\/uploads\/2021\/05\/21-16x12.jpg.webp 16w, https:\/\/lukwood.lt\/wp-content\/uploads\/2021\/05\/21-600x450.jpg 600w, https:\/\/lukwood.lt\/wp-content\/uploads\/2021\/05\/21.jpg 1120w\" sizes=\"(max-width: 300px) 100vw, 300px\" \/>\t\t\t\t<\/a>\n\t\t\t\t\t\t\t\n\t\t\t\t<a href=\"#\" data-mfp-src=\"https:\/\/lukwood.lt\/wp-content\/uploads\/2021\/05\/20.jpg\" class=\"ha-image-grid__item ha-js-lightbox __fltr-1\">\n\t\t\t\t\t<img loading=\"lazy\" decoding=\"async\" width=\"138\" height=\"300\" src=\"https:\/\/lukwood.lt\/wp-content\/uploads\/2021\/05\/20-138x300.jpg\" class=\"elementor-animation-grow\" alt=\"Woodpoles in landscape\" srcset=\"https:\/\/lukwood.lt\/wp-content\/uploads\/2021\/05\/20-138x300.jpg 138w, https:\/\/lukwood.lt\/wp-content\/uploads\/2021\/05\/20-473x1024.jpg 473w, https:\/\/lukwood.lt\/wp-content\/uploads\/2021\/05\/20-709x1536.jpg.webp 709w, https:\/\/lukwood.lt\/wp-content\/uploads\/2021\/05\/20-6x12.jpg.webp 6w, https:\/\/lukwood.lt\/wp-content\/uploads\/2021\/05\/20-600x1300.jpg 600w, https:\/\/lukwood.lt\/wp-content\/uploads\/2021\/05\/20.jpg 744w\" sizes=\"(max-width: 138px) 100vw, 138px\" \/>\t\t\t\t<\/a>\n\t\t\t\t\t\t\t\n\t\t\t\t<a href=\"#\" data-mfp-src=\"https:\/\/lukwood.lt\/wp-content\/uploads\/2021\/05\/wooden-stakes-17.jpg\" class=\"ha-image-grid__item ha-js-lightbox __fltr-1\">\n\t\t\t\t\t<img loading=\"lazy\" decoding=\"async\" width=\"138\" height=\"300\" src=\"https:\/\/lukwood.lt\/wp-content\/uploads\/2021\/05\/wooden-stakes-17-138x300.jpg\" class=\"elementor-animation-grow\" alt=\"Landscape full of woodpoles\" srcset=\"https:\/\/lukwood.lt\/wp-content\/uploads\/2021\/05\/wooden-stakes-17-138x300.jpg.webp 138w, https:\/\/lukwood.lt\/wp-content\/uploads\/2021\/05\/wooden-stakes-17-473x1024.jpg.webp 473w, https:\/\/lukwood.lt\/wp-content\/uploads\/2021\/05\/wooden-stakes-17-709x1536.jpg.webp 709w, https:\/\/lukwood.lt\/wp-content\/uploads\/2021\/05\/wooden-stakes-17-6x12.jpg.webp 6w, https:\/\/lukwood.lt\/wp-content\/uploads\/2021\/05\/wooden-stakes-17-600x1300.jpg.webp 600w, https:\/\/lukwood.lt\/wp-content\/uploads\/2021\/05\/wooden-stakes-17.jpg 744w\" sizes=\"(max-width: 138px) 100vw, 138px\" \/>\t\t\t\t<\/a>\n\t\t\t\t\t<\/div>\n\n\t\t\t\t\t\t<\/div>\n\t\t\t\t<\/div>\n\t\t\t\t\t<\/div>\n\t\t<\/div>\n\t\t\t\t\t<\/div>\n\t\t<\/section>\n\t\t\t\t<section class=\"elementor-section elementor-top-section elementor-element elementor-element-94cba05 elementor-section-boxed elementor-section-height-default elementor-section-height-default\" data-id=\"94cba05\" data-element_type=\"section\" data-settings=\"{&quot;_ha_eqh_enable&quot;:false}\">\n\t\t\t\t\t\t<div class=\"elementor-container elementor-column-gap-default\">\n\t\t\t\t\t<div class=\"elementor-column elementor-col-100 elementor-top-column elementor-element elementor-element-8c296ea\" data-id=\"8c296ea\" data-element_type=\"column\">\n\t\t\t<div class=\"elementor-widget-wrap elementor-element-populated\">\n\t\t\t\t\t\t<div class=\"elementor-element elementor-element-4ed4a56 elementor-align-center elementor-mobile-align-center elementor-hidden-desktop elementor-hidden-tablet elementor-widget elementor-widget-button\" data-id=\"4ed4a56\" data-element_type=\"widget\" data-widget_type=\"button.default\">\n\t\t\t\t<div class=\"elementor-widget-container\">\n\t\t\t\t\t\t\t\t\t<div class=\"elementor-button-wrapper\">\n\t\t\t\t\t<a class=\"elementor-button elementor-button-link elementor-size-md\" href=\"https:\/\/lukwood.lt\/de\/our-production\/\">\n\t\t\t\t\t\t<span class=\"elementor-button-content-wrapper\">\n\t\t\t\t\t\t\t\t\t<span class=\"elementor-button-text\">Mehr sehen<\/span>\n\t\t\t\t\t<\/span>\n\t\t\t\t\t<\/a>\n\t\t\t\t<\/div>\n\t\t\t\t\t\t\t\t<\/div>\n\t\t\t\t<\/div>\n\t\t\t\t\t<\/div>\n\t\t<\/div>\n\t\t\t\t\t<\/div>\n\t\t<\/section>\n\t\t\t\t<\/div>","protected":false},"excerpt":{"rendered":"<p>Wholesale of wood products. We aim to promote the use of wooden products in the landscape Contact us About us Lukwood is located in southeastern Lithuania, in the \u0160al\u010dininkai district, surrounded by forests. Pine and spruce trees grow here, which is why the company&#8217;s production is made from local pine and spruce raw materials. The &hellip;<\/p>\n<p class=\"read-more\"> <a class=\"\" href=\"https:\/\/lukwood.lt\/de\/\"> <span class=\"screen-reader-text\">Zuhause<\/span> Weiterlesen &raquo;<\/a><\/p>","protected":false},"author":2,"featured_media":0,"parent":0,"menu_order":0,"comment_status":"closed","ping_status":"closed","template":"","meta":{"footnotes":""},"class_list":["post-340","page","type-page","status-publish","hentry"],"_links":{"self":[{"href":"https:\/\/lukwood.lt\/de\/wp-json\/wp\/v2\/pages\/340","targetHints":{"allow":["GET"]}}],"collection":[{"href":"https:\/\/lukwood.lt\/de\/wp-json\/wp\/v2\/pages"}],"about":[{"href":"https:\/\/lukwood.lt\/de\/wp-json\/wp\/v2\/types\/page"}],"author":[{"embeddable":true,"href":"https:\/\/lukwood.lt\/de\/wp-json\/wp\/v2\/users\/2"}],"replies":[{"embeddable":true,"href":"https:\/\/lukwood.lt\/de\/wp-json\/wp\/v2\/comments?post=340"}],"version-history":[{"count":19,"href":"https:\/\/lukwood.lt\/de\/wp-json\/wp\/v2\/pages\/340\/revisions"}],"predecessor-version":[{"id":1735,"href":"https:\/\/lukwood.lt\/de\/wp-json\/wp\/v2\/pages\/340\/revisions\/1735"}],"wp:attachment":[{"href":"https:\/\/lukwood.lt\/de\/wp-json\/wp\/v2\/media?parent=340"}],"curies":[{"name":"wp","href":"https:\/\/api.w.org\/{rel}","templated":true}]}}